{"id":1715,"date":"2017-01-24T10:05:40","date_gmt":"2017-01-24T10:05:40","guid":{"rendered":"http:\/\/themes.potenzaglobal.com\/cardealer\/?page_id=1715"},"modified":"2024-05-17T00:45:04","modified_gmt":"2024-05-17T00:45:04","slug":"about-1","status":"publish","type":"page","link":"https:\/\/autosfercar.com\/?page_id=1715","title":{"rendered":"Nosotros"},"content":{"rendered":"<div class=\"wpb-content-wrapper\"><p>[vc_row][vc_column]\t<div id=\"cd_space_69f752712c218\" class=\"cd-space cd-space-69f752712c21f \" style=\"clear: both;;display: block;;--cd-space-desktop: 80px;--cd-space-tablet: 70px;--cd-space-portrait: 60px;--cd-space-mobile: 50px;--cd-space-mobile_portrait: 40px\"><\/div>\n\t\t<div class=\"section-title text-center style_1\" style=\"--cd_title_font_size_lg: 36px;--cd_title_font_size_md: 36px;--cd_title_font_size_sm: 36px;--cd_title_font_size_xs: 36px;--cd_title_line_height_lg: 46px;--cd_title_line_height_md: 46px;--cd_title_line_height_sm: 46px;--cd_title_line_height_xs: 46px\">\n\t\t\t\t\t\t<span>Bienvenido a<\/span>\n\t\t\t\t\t\t\t<h2 class=\"main-title\">AUTOS FERCAR<\/h2>\n\t\t\t\t\t\t\t<div class=\"separator\"><\/div>\n\t\t\t\t\t\t\t\t<p>Somos una empresa l\u00edder en compra y venta de veh\u00edculos usados con m\u00e1s de treinta a\u00f1os de experiencia. Podr\u00e1s encontrar los mejores carros usados multimarca calificados y m\u00e1s confiables, garantizando un buen apoyo t\u00e9cnico y legal.<\/p>\n\t\t\t\t\t<\/div>\n\t[vc_row_inner][vc_column_inner offset=&#8221;vc_col-lg-6 vc_col-md-6&#8243; css=&#8221;.vc_custom_1715312212469{margin-bottom: 60px !important;}&#8221;]\t\t<div id=\"cdhl-image-slider-69f752712c2b5\" class=\"cdhl_image-slider_wrapper\">\n\t\t\t<div class=\"owl-carousel\"\n\t\t\t\tdata-nav-arrow=\"true\"\n\t\t\t\tdata-nav-dots=\"false\"\n\t\t\t\tdata-md-items=\"1\"\n\t\t\t\tdata-sm-items=\"1\"\n\t\t\t\tdata-xs-items=\"1\"\n\t\t\t\tdata-xx-items=\"1\"\n\t\t\t\tdata-space=\"0\"\n\t\t\t\tdata-autoplay=\"true\"\n\t\t\t\tdata-loop=\"false\"\n\t\t\t\tdata-lazyLoad=\"\">\n\t\t\t\t\t\t\t\t\t\t<div class=\"item\">\n\t\t\t\t\t\t\t\t\t\t\t\t\t\t\t<img decoding=\"async\" class=\"center-block\" src=\"https:\/\/autosfercar.com\/wp-content\/uploads\/2024\/05\/Piezas-Autos-FercarMesa-de-trabajo-28.svg\" alt=\"\">\n\t\t\t\t\t\t\t\t\t\t\t\t\t\t<\/div>\n\t\t\t\t\t\t\t\t\t\t\t\t<div class=\"item\">\n\t\t\t\t\t\t\t\t\t\t\t\t\t\t\t<img decoding=\"async\" class=\"center-block\" src=\"https:\/\/autosfercar.com\/wp-content\/uploads\/2024\/05\/Piezas-Autos-FercarMesa-de-trabajo-29.svg\" alt=\"\">\n\t\t\t\t\t\t\t\t\t\t\t\t\t\t<\/div>\n\t\t\t\t\t\t\t\t\t\t\t\t<div class=\"item\">\n\t\t\t\t\t\t\t\t\t\t\t\t\t\t\t<img decoding=\"async\" class=\"center-block\" src=\"https:\/\/autosfercar.com\/wp-content\/uploads\/2024\/05\/Piezas-Autos-FercarMesa-de-trabajo-30.svg\" alt=\"\">\n\t\t\t\t\t\t\t\t\t\t\t\t\t\t<\/div>\n\t\t\t\t\t\t\n\t\t\t<\/div>\n\t\t<\/div>\n\t\t[\/vc_column_inner][vc_column_inner offset=&#8221;vc_col-lg-6 vc_col-md-6&#8243; css=&#8221;.vc_custom_1486703728748{margin-bottom: 30px !important;}&#8221;][vc_column_text css=&#8221;&#8221;]En la vida, todo comienza con sue\u00f1os; esos anhelos que nos empujan a desafiar l\u00edmites y a prosperar. Nosotros, una familia impulsada por la pasi\u00f3n por los autom\u00f3viles, abrazamos este esp\u00edritu emprendedor para crear un negocio innovador y determinado. Cada d\u00eda, nos levantamos con la emoci\u00f3n y la pasi\u00f3n de luchar juntos, respald\u00e1ndonos mutuamente en nuestro camino. Y con orgullo, lanzamos al mercado un nuevo modelo de negocio, llenos de alegr\u00eda y entusiasmo.<\/p>\n<p>&nbsp;<\/p>\n<p>Autos Fercar m\u00e1s que un centro de negocios, se ha convertido en un lugar para disfrutar de<span class=\"Apple-converted-space\">\u00a0 <\/span>un caf\u00e9, tener una<span class=\"Apple-converted-space\">\u00a0 <\/span>buena charla y estrechar lazos con los clientes que finalmente se vuelven amigos de por vida.<span class=\"Apple-converted-space\">\u00a0 <\/span>Ha sido un viaje de experiencias, vivencias e historias para relatar y ense\u00f1ar a todos aquellos que siguen el camino del emprendimiento y el aprendizaje sobre el arte de vender.<\/p>\n<p>&nbsp;<\/p>\n<p>Manteniendo siempre la unidad, el ambiente familiar, y hacer de cada negocio algo marcado por el amor, la dedicaci\u00f3n y la perseverancia que define la trayectoria de la familia en el mundo de los autom\u00f3viles.[\/vc_column_text][\/vc_column_inner][\/vc_row_inner][\/vc_column][\/vc_row][vc_row full_width=&#8221;stretch_row_content_no_spaces&#8221;][vc_column][vc_separator color=&#8221;custom&#8221; accent_color=&#8221;#dedede&#8221;]\t<div id=\"cd_space_69f752712ca96\" class=\"cd-space cd-space-69f752712ca9b \" style=\"clear: both;;display: block;;--cd-space-desktop: 80px;--cd-space-tablet: 70px;--cd-space-portrait: 60px;--cd-space-mobile: 50px;--cd-space-mobile_portrait: 40px\"><\/div>\n\t[\/vc_column][\/vc_row][vc_row][vc_column]\t<div class=\"section-title text-center style_1\" style=\"--cd_title_font_size_lg: 36px;--cd_title_font_size_md: 36px;--cd_title_font_size_sm: 36px;--cd_title_font_size_xs: 36px;--cd_title_line_height_lg: 46px;--cd_title_line_height_md: 46px;--cd_title_line_height_sm: 46px;--cd_title_line_height_xs: 46px\">\n\t\t\t\t\t\t<span>Cronolog\u00eda de 30 a\u00f1os de Autos Fercar: Empresa l\u00edder en compra y venta de veh\u00edculos usados.<\/span>\n\t\t\t\t\t\t\t<h2 class=\"main-title\">Nuestra Historia<\/h2>\n\t\t\t\t\t\t\t<div class=\"separator\"><\/div>\n\t\t\t\t\t<\/div>\n\t\t<div id=\"cd_timeline-cd_timeline_69f752712cb06\" class=\"cd_timeline cd_timeline-vertical our-history\">\n\t\t<ul class=\"timeline list-style-none\">\n\t\t\t\t\t\t\t\t<li class=\"timeline-item timeline-item-odd\" data-pre_hover_color=\"#363636\" data-hover_color=\"#ffffff\">\n\t\t\t\t\t\t<div class=\"timeline-badge\"><h4>1<\/h4><\/div>\n\t\t\t\t\t\t<div class=\"timeline-panel\">\n\t\t\t\t\t\t\t<div class=\"timeline-heading\">\n\t\t\t\t\t\t\t\t\t\t\t\t\t\t\t\t\t<h5 class=\"timeline-title\" style=\"color:#363636\">El principio<\/h5>\n\t\t\t\t\t\t\t\t\t\t\t\t\t\t\t\t<\/div>\n\t\t\t\t\t\t\t\t\t\t\t\t\t\t\t<div class=\"timeline-body text-left\">\n\t\t\t\t\t\t\t\t\t<p>Autos Fercar fue fundada en Junio 30\/1994 por dos socios que se unieron y empezaron a vender con un peque\u00f1o inventario de veh\u00edculos.<\/p>\n\t\t\t\t\t\t\t\t<\/div>\n\t\t\t\t\t\t\t\t\t\t\t\t\t\t<\/div>\n\t\t\t\t\t<\/li>\n\t\t\t\t\t\t\t\t\t\t<li class=\"timeline-item timeline-item-even timeline-inverted\" data-pre_hover_color=\"#363636\" data-hover_color=\"#ffffff\">\n\t\t\t\t\t\t<div class=\"timeline-badge\"><h4>2<\/h4><\/div>\n\t\t\t\t\t\t<div class=\"timeline-panel\">\n\t\t\t\t\t\t\t<div class=\"timeline-heading\">\n\t\t\t\t\t\t\t\t\t\t\t\t\t\t\t\t\t<h5 class=\"timeline-title\" style=\"color:#363636\">de Consignaci\u00f3n a carros propios<\/h5>\n\t\t\t\t\t\t\t\t\t\t\t\t\t\t\t\t<\/div>\n\t\t\t\t\t\t\t\t\t\t\t\t\t\t\t<div class=\"timeline-body text-left\">\n\t\t\t\t\t\t\t\t\t<p>Inicialmente, se form\u00f3 como sociedad S.A. y luego como Autos Fercar S.A.S.\nLa mayor\u00eda de los carros eran en consignaci\u00f3n y pocos eran propios. Al paso del tiempo, formaron capital y empezaron a comprar y vender carros propios.<\/p>\n\t\t\t\t\t\t\t\t<\/div>\n\t\t\t\t\t\t\t\t\t\t\t\t\t\t<\/div>\n\t\t\t\t\t<\/li>\n\t\t\t\t\t\t\t\t\t\t<li class=\"timeline-item timeline-item-odd\" data-pre_hover_color=\"#363636\" data-hover_color=\"#ffffff\">\n\t\t\t\t\t\t<div class=\"timeline-badge\"><h4>3<\/h4><\/div>\n\t\t\t\t\t\t<div class=\"timeline-panel\">\n\t\t\t\t\t\t\t<div class=\"timeline-heading\">\n\t\t\t\t\t\t\t\t\t\t\t\t\t\t\t\t\t<h5 class=\"timeline-title\" style=\"color:#363636\">Empezamos a crecer<\/h5>\n\t\t\t\t\t\t\t\t\t\t\t\t\t\t\t\t<\/div>\n\t\t\t\t\t\t\t\t\t\t\t\t\t\t\t<div class=\"timeline-body text-left\">\n\t\t\t\t\t\t\t\t\t<p>El negocio fue creciendo y su inventario de carros propios fue aumentando hasta tener desde 50 hasta 60 carros. Asimismo, teniendo la necesidad de conseguir m\u00e1s personal de trabajo, adecuar espacios para exhibir los veh\u00edculos y adoptar formas de trabajo adecuadas para cada proceso.<\/p>\n\t\t\t\t\t\t\t\t<\/div>\n\t\t\t\t\t\t\t\t\t\t\t\t\t\t<\/div>\n\t\t\t\t\t<\/li>\n\t\t\t\t\t\t\t\t\t\t<li class=\"timeline-item timeline-item-even timeline-inverted\" data-pre_hover_color=\"#363636\" data-hover_color=\"#ffffff\">\n\t\t\t\t\t\t<div class=\"timeline-badge\"><h4>4<\/h4><\/div>\n\t\t\t\t\t\t<div class=\"timeline-panel\">\n\t\t\t\t\t\t\t<div class=\"timeline-heading\">\n\t\t\t\t\t\t\t\t\t\t\t\t\t\t\t\t\t<h5 class=\"timeline-title\" style=\"color:#363636\">2024<\/h5>\n\t\t\t\t\t\t\t\t\t\t\t\t\t\t\t\t<\/div>\n\t\t\t\t\t\t\t\t\t\t\t\t\t\t\t<div class=\"timeline-body text-left\">\n\t\t\t\t\t\t\t\t\t<p>Hoy d\u00eda, Autos Fercar es conocida como una empresa confiable, amigable, familiar y segura, que se adapta a las necesidades de sus clientes y se asegura de darle la mejor experiencia.<\/p>\n\t\t\t\t\t\t\t\t<\/div>\n\t\t\t\t\t\t\t\t\t\t\t\t\t\t<\/div>\n\t\t\t\t\t<\/li>\n\t\t\t\t\t\t\t<\/ul>\n\t<\/div>\n\t\t<div id=\"cd_space_69f752712cb56\" class=\"cd-space cd-space-69f752712cb59 \" style=\"clear: both;;display: block;;--cd-space-desktop: 80px;--cd-space-tablet: 70px;--cd-space-portrait: 60px;--cd-space-mobile: 50px;--cd-space-mobile_portrait: 40px\"><\/div>\n\t[\/vc_column][\/vc_row][vc_row full_width=&#8221;stretch_row&#8221; parallax=&#8221;content-moving&#8221; parallax_image=&#8221;6540&#8243; parallax_speed_bg=&#8221;2.5&#8243; cd_bg_type=&#8221;row-background-dark&#8221; cd_overlay_opacity=&#8221;70&#8243; cd_enable_overlay=&#8221;true&#8221; cd_overlay_color=&#8221;#000000&#8243;][vc_column]\t<div id=\"cd_space_69f752712cb71\" class=\"cd-space cd-space-69f752712cb73 \" style=\"clear: both;;display: block;;--cd-space-desktop: 80px;--cd-space-tablet: 70px;--cd-space-portrait: 60px;--cd-space-mobile: 50px;--cd-space-mobile_portrait: 40px\"><\/div>\n\t[vc_row_inner][vc_column_inner width=&#8221;1\/2&#8243; css=&#8221;.vc_custom_1486714185506{margin-bottom: 30px !important;}&#8221; offset=&#8221;vc_col-lg-3 vc_col-md-3&#8243;]\t<div class=\"cdhl_counter_wrapper\">\n\t\t<div id=\"cd_counter_69f752712cba6\" class=\"counter clearfix counter-style-4 left-separator\" style=\"--icon_color: #e2d313;--separator_color: #e2d313;--label_color: #363636;--counter_color: #363636\">\n\t\t\t\t\t\t\t<div class=\"separator\"><\/div>\n\t\t\t\t<div class=\"info\">\n\t\t\t\t\t<h6>Veh\u00edculos en stock<\/h6>\n\t\t\t\t\t<i class=\"glyph-icon flaticon-beetle\"><\/i>\n\t\t\t\t\t<b class=\"timer\" data-to=\"50\" data-speed=\"10000\"><\/b>\n\t\t\t\t<\/div>\n\t\t\t\t\t\t<\/div>\n\t<\/div>\n\t[\/vc_column_inner][vc_column_inner width=&#8221;1\/2&#8243; css=&#8221;.vc_custom_1486714194276{margin-bottom: 30px !important;}&#8221; offset=&#8221;vc_col-lg-3 vc_col-md-3&#8243;]\t<div class=\"cdhl_counter_wrapper\">\n\t\t<div id=\"cd_counter_69f752712cbd8\" class=\"counter clearfix counter-style-4 left-separator\" style=\"--icon_color: #e2d313;--separator_color: #e2d313;--label_color: #363636;--counter_color: #363636\">\n\t\t\t\t\t\t\t<div class=\"separator\"><\/div>\n\t\t\t\t<div class=\"info\">\n\t\t\t\t\t<h6>Rese\u00f1as de Clientes<\/h6>\n\t\t\t\t\t<i class=\"glyph-icon flaticon-interface\"><\/i>\n\t\t\t\t\t<b class=\"timer\" data-to=\"100\" data-speed=\"10000\"><\/b>\n\t\t\t\t<\/div>\n\t\t\t\t\t\t<\/div>\n\t<\/div>\n\t[\/vc_column_inner][vc_column_inner width=&#8221;1\/2&#8243; css=&#8221;.vc_custom_1486714204925{margin-bottom: 30px !important;}&#8221; offset=&#8221;vc_col-lg-3 vc_col-md-2&#8243;]\t<div class=\"cdhl_counter_wrapper\">\n\t\t<div id=\"cd_counter_69f752712cc02\" class=\"counter clearfix counter-style-4 left-separator\" style=\"--icon_color: #e2d313;--separator_color: #e2d313;--label_color: #363636;--counter_color: #363636\">\n\t\t\t\t\t\t\t<div class=\"separator\"><\/div>\n\t\t\t\t<div class=\"info\">\n\t\t\t\t\t<h6>Clientes Felices<\/h6>\n\t\t\t\t\t<i class=\"glyph-icon flaticon-circle\"><\/i>\n\t\t\t\t\t<b class=\"timer\" data-to=\"1000\" data-speed=\"10000\"><\/b>\n\t\t\t\t<\/div>\n\t\t\t\t\t\t<\/div>\n\t<\/div>\n\t[\/vc_column_inner][vc_column_inner width=&#8221;1\/2&#8243; css=&#8221;.vc_custom_1486714216135{margin-bottom: 30px !important;}&#8221; offset=&#8221;vc_col-lg-3 vc_col-md-3&#8243;]\t<div class=\"cdhl_counter_wrapper\">\n\t\t<div id=\"cd_counter_69f752712cc28\" class=\"counter clearfix counter-style-4 left-separator\" style=\"--icon_color: #e2d313;--separator_color: #e2d313;--label_color: #363636;--counter_color: #363636\">\n\t\t\t\t\t\t\t<div class=\"separator\"><\/div>\n\t\t\t\t<div class=\"info\">\n\t\t\t\t\t<h6>Veh\u00edculos Vendidos<\/h6>\n\t\t\t\t\t<i class=\"glyph-icon flaticon-cup-2\"><\/i>\n\t\t\t\t\t<b class=\"timer\" data-to=\"5000\" data-speed=\"10000\"><\/b>\n\t\t\t\t<\/div>\n\t\t\t\t\t\t<\/div>\n\t<\/div>\n\t[\/vc_column_inner][\/vc_row_inner]\t<div id=\"cd_space_69f752712cc40\" class=\"cd-space cd-space-69f752712cc42 \" style=\"clear: both;;display: block;;--cd-space-desktop: 50px;--cd-space-tablet: 50px;--cd-space-portrait: 50px;--cd-space-mobile: 50px;--cd-space-mobile_portrait: 40px\"><\/div>\n\t[\/vc_column][\/vc_row]<\/p>\n<\/div>","protected":false},"excerpt":{"rendered":"<p>[vc_row][vc_column][vc_row_inner][vc_column_inner offset=&#8221;vc_col-lg-6 vc_col-md-6&#8243; css=&#8221;.vc_custom_1715312212469{margin-bottom: 60px !important;}&#8221;][\/vc_column_inner][vc_column_inner offset=&#8221;vc_col-lg-6 vc_col-md-6&#8243; css=&#8221;.vc_custom_1486703728748{margin-bottom: 30px !important;}&#8221;][vc_column_text css=&#8221;&#8221;]En la vida, todo comienza con sue\u00f1os; esos anhelos que nos empujan a desafiar l\u00edmites y a prosperar. Nosotros, una familia impulsada por la pasi\u00f3n por los autom\u00f3viles, abrazamos este esp\u00edritu emprendedor para crear un negocio innovador y determinado. Cada d\u00eda, nos levantamos con [&hellip;]<\/p>\n","protected":false},"author":1,"featured_media":0,"parent":0,"menu_order":0,"comment_status":"closed","ping_status":"closed","template":"templates\/page-vc_compatible.php","meta":{"_acf_changed":false,"footnotes":""},"class_list":["post-1715","page","type-page","status-publish","hentry"],"acf":[],"_links":{"self":[{"href":"https:\/\/autosfercar.com\/index.php?rest_route=\/wp\/v2\/pages\/1715","targetHints":{"allow":["GET"]}}],"collection":[{"href":"https:\/\/autosfercar.com\/index.php?rest_route=\/wp\/v2\/pages"}],"about":[{"href":"https:\/\/autosfercar.com\/index.php?rest_route=\/wp\/v2\/types\/page"}],"author":[{"embeddable":true,"href":"https:\/\/autosfercar.com\/index.php?rest_route=\/wp\/v2\/users\/1"}],"replies":[{"embeddable":true,"href":"https:\/\/autosfercar.com\/index.php?rest_route=%2Fwp%2Fv2%2Fcomments&post=1715"}],"version-history":[{"count":18,"href":"https:\/\/autosfercar.com\/index.php?rest_route=\/wp\/v2\/pages\/1715\/revisions"}],"predecessor-version":[{"id":13360,"href":"https:\/\/autosfercar.com\/index.php?rest_route=\/wp\/v2\/pages\/1715\/revisions\/13360"}],"wp:attachment":[{"href":"https:\/\/autosfercar.com\/index.php?rest_route=%2Fwp%2Fv2%2Fmedia&parent=1715"}],"curies":[{"name":"wp","href":"https:\/\/api.w.org\/{rel}","templated":true}]}}